{"id":663,"date":"2018-08-27T12:15:55","date_gmt":"2018-08-27T12:15:55","guid":{"rendered":"https:\/\/smartfinanceserbia.rs\/about-2\/"},"modified":"2023-09-22T08:56:11","modified_gmt":"2023-09-22T08:56:11","slug":"about-2","status":"publish","type":"page","link":"https:\/\/smartfinanceserbia.rs\/en\/about-2\/","title":{"rendered":"About"},"content":{"rendered":"<div data-elementor-type=\"wp-post\" data-elementor-id=\"663\" class=\"elementor elementor-663\">\n\t\t\t\t\t\t<section class=\"elementor-section elementor-top-section elementor-element elementor-element-6e99129 elementor-section-content-middle elementor-section-boxed elementor-section-height-default elementor-section-height-default wpr-particle-no wpr-jarallax-no wpr-parallax-no wpr-sticky-section-no wpr-equal-height-no\" data-id=\"6e99129\" data-element_type=\"section\" data-e-type=\"section\" data-settings=\"{&quot;background_background&quot;:&quot;classic&quot;}\">\n\t\t\t\t\t\t\t<div class=\"elementor-background-overlay\"><\/div>\n\t\t\t\t\t\t\t<div class=\"elementor-container elementor-column-gap-no\">\n\t\t\t\t\t<div class=\"elementor-column elementor-col-100 elementor-top-column elementor-element elementor-element-4416359\" data-id=\"4416359\" data-element_type=\"column\" data-e-type=\"column\">\n\t\t\t<div class=\"elementor-widget-wrap elementor-element-populated\">\n\t\t\t\t\t\t<div class=\"elementor-element elementor-element-8e7c95d elementor-widget elementor-widget-heading\" data-id=\"8e7c95d\" data-element_type=\"widget\" data-e-type=\"widget\" data-widget_type=\"heading.default\">\n\t\t\t\t<div class=\"elementor-widget-container\">\n\t\t\t\t\t<h6 class=\"elementor-heading-title elementor-size-default\">Few words<\/h6>\t\t\t\t<\/div>\n\t\t\t\t<\/div>\n\t\t\t\t<div class=\"elementor-element elementor-element-754968b elementor-widget elementor-widget-heading\" data-id=\"754968b\" data-element_type=\"widget\" data-e-type=\"widget\" data-widget_type=\"heading.default\">\n\t\t\t\t<div class=\"elementor-widget-container\">\n\t\t\t\t\t<h1 class=\"elementor-heading-title elementor-size-default\">About us<\/h1>\t\t\t\t<\/div>\n\t\t\t\t<\/div>\n\t\t\t\t\t<\/div>\n\t\t<\/div>\n\t\t\t\t\t<\/div>\n\t\t<\/section>\n\t\t\t\t<section class=\"elementor-section elementor-top-section elementor-element elementor-element-o5huu4p elementor-section-content-middle elementor-section-boxed elementor-section-height-default elementor-section-height-default wpr-particle-no wpr-jarallax-no wpr-parallax-no wpr-sticky-section-no wpr-equal-height-no\" data-id=\"o5huu4p\" data-element_type=\"section\" data-e-type=\"section\" data-settings=\"{&quot;background_background&quot;:&quot;classic&quot;}\">\n\t\t\t\t\t\t<div class=\"elementor-container elementor-column-gap-no\">\n\t\t\t\t\t<div class=\"elementor-column elementor-col-50 elementor-top-column elementor-element elementor-element-4d7ad86\" data-id=\"4d7ad86\" data-element_type=\"column\" data-e-type=\"column\">\n\t\t\t<div class=\"elementor-widget-wrap elementor-element-populated\">\n\t\t\t\t\t\t<div class=\"elementor-element elementor-element-0e457ca elementor-widget elementor-widget-text-editor\" data-id=\"0e457ca\" data-element_type=\"widget\" data-e-type=\"widget\" data-widget_type=\"text-editor.default\">\n\t\t\t\t<div class=\"elementor-widget-container\">\n\t\t\t\t\t\t\t\t\t<p><b>Smart Finance Serbia (SFS) provides financial consulting services for legal entities (companies), as well as for domestic and foreign investors.\u00a0<\/b><\/p><p><b>With extensive experience in the banking sector of Serbia, SFS provides the best customized solutions for specific transactions, financing of existing companies and project financing.\u00a0<\/b><\/p><p><b>Expertise in the field of finance and accounting, expertise in creating financial models and projections, as well as experience within companies combined with extensive banking experience, enable SFS to provide the highest quality services!<\/b><\/p>\t\t\t\t\t\t\t\t<\/div>\n\t\t\t\t<\/div>\n\t\t\t\t\t<\/div>\n\t\t<\/div>\n\t\t\t\t<div class=\"elementor-column elementor-col-50 elementor-top-column elementor-element elementor-element-03a6bc5\" data-id=\"03a6bc5\" data-element_type=\"column\" data-e-type=\"column\">\n\t\t\t<div class=\"elementor-widget-wrap elementor-element-populated\">\n\t\t\t\t\t\t<div class=\"elementor-element elementor-element-910e803 elementor-widget elementor-widget-image\" data-id=\"910e803\" data-element_type=\"widget\" data-e-type=\"widget\" data-widget_type=\"image.default\">\n\t\t\t\t<div class=\"elementor-widget-container\">\n\t\t\t\t\t\t\t\t\t\t\t\t\t\t\t<img fetchpriority=\"high\" decoding=\"async\" width=\"640\" height=\"426\" src=\"https:\/\/smartfinanceserbia.rs\/wp-content\/uploads\/2020\/07\/crop-payroll-clerk-counting-money-while-sitting-at-table.jpg\" class=\"attachment-full size-full wp-image-504\" alt=\"\" srcset=\"https:\/\/smartfinanceserbia.rs\/wp-content\/uploads\/2020\/07\/crop-payroll-clerk-counting-money-while-sitting-at-table.jpg 640w, https:\/\/smartfinanceserbia.rs\/wp-content\/uploads\/2020\/07\/crop-payroll-clerk-counting-money-while-sitting-at-table-300x200.jpg 300w\" sizes=\"(max-width: 640px) 100vw, 640px\" \/>\t\t\t\t\t\t\t\t\t\t\t\t\t\t\t<\/div>\n\t\t\t\t<\/div>\n\t\t\t\t\t<\/div>\n\t\t<\/div>\n\t\t\t\t\t<\/div>\n\t\t<\/section>\n\t\t\t\t<\/div>","protected":false},"excerpt":{"rendered":"<p>Par re\u010di O nama Smart Finance Srbija (SFS) pru\u017ea usluge finansijskog konsaltinga za pravna lica (preduzec\u0301a), kao i za doma\u0107e i strane investitore.\u00a0 Sa velikim iskustvom u bankarskom sektoru Srbije, SFS pru\u017ea najbolje prilago\u0111ena re\u0161enja za specifi\u010dne transakcije, finansiranje postoje\u0107ih preduze\u0107a i projektna finansiranja.\u00a0 Stru\u010dnost u oblasti finansija i ra\u010dunovodstva, ekspertiza u izradi finansijskih modela i projekcija, kao i iskustvo u privredi u kombinaciji sa opse\u017enim bankarskim iskustvom, omogu\u0107avaju SFS-u da pru\u017ei najkvalitetnije usluge!<\/p>","protected":false},"author":1,"featured_media":0,"parent":0,"menu_order":0,"comment_status":"closed","ping_status":"closed","template":"","meta":{"_uag_custom_page_level_css":"","advgb_blocks_editor_width":"","advgb_blocks_columns_visual_guide":"","site-sidebar-layout":"default","site-content-layout":"page-builder","ast-site-content-layout":"default","site-content-style":"default","site-sidebar-style":"default","ast-global-header-display":"","ast-banner-title-visibility":"","ast-main-header-display":"","ast-hfb-above-header-display":"","ast-hfb-below-header-display":"","ast-hfb-mobile-header-display":"","site-post-title":"disabled","ast-breadcrumbs-content":"","ast-featured-img":"disabled","footer-sml-layout":"","ast-disable-related-posts":"","theme-transparent-header-meta":"enabled","adv-header-id-meta":"","stick-header-meta":"","header-above-stick-meta":"","header-main-stick-meta":"","header-below-stick-meta":"","astra-migrate-meta-layouts":"default","ast-page-background-enabled":"default","ast-page-background-meta":{"desktop":{"background-color":"","background-image":"","background-repeat":"repeat","background-position":"center center","background-size":"auto","background-attachment":"scroll","background-type":"","background-media":"","overlay-type":"","overlay-color":"","overlay-opacity":"","overlay-gradient":""},"tablet":{"background-color":"","background-image":"","background-repeat":"repeat","background-position":"center center","background-size":"auto","background-attachment":"scroll","background-type":"","background-media":"","overlay-type":"","overlay-color":"","overlay-opacity":"","overlay-gradient":""},"mobile":{"background-color":"","background-image":"","background-repeat":"repeat","background-position":"center center","background-size":"auto","background-attachment":"scroll","background-type":"","background-media":"","overlay-type":"","overlay-color":"","overlay-opacity":"","overlay-gradient":""}},"ast-content-background-meta":{"desktop":{"background-color":"var(--ast-global-color-5)","background-image":"","background-repeat":"repeat","background-position":"center center","background-size":"auto","background-attachment":"scroll","background-type":"","background-media":"","overlay-type":"","overlay-color":"","overlay-opacity":"","overlay-gradient":""},"tablet":{"background-color":"var(--ast-global-color-5)","background-image":"","background-repeat":"repeat","background-position":"center center","background-size":"auto","background-attachment":"scroll","background-type":"","background-media":"","overlay-type":"","overlay-color":"","overlay-opacity":"","overlay-gradient":""},"mobile":{"background-color":"var(--ast-global-color-5)","background-image":"","background-repeat":"repeat","background-position":"center center","background-size":"auto","background-attachment":"scroll","background-type":"","background-media":"","overlay-type":"","overlay-color":"","overlay-opacity":"","overlay-gradient":""}},"footnotes":""},"class_list":["post-663","page","type-page","status-publish","hentry"],"uagb_featured_image_src":{"full":false,"thumbnail":false,"medium":false,"medium_large":false,"large":false,"1536x1536":false,"2048x2048":false,"trp-custom-language-flag":false},"uagb_author_info":{"display_name":"nebojsa","author_link":"https:\/\/smartfinanceserbia.rs\/en\/author\/nebojsa\/"},"uagb_comment_info":0,"uagb_excerpt":"Par re\u010di O nama Smart Finance Srbija (SFS) pru\u017ea usluge finansijskog konsaltinga za pravna lica (preduzec\u0301a), kao i za doma\u0107e i strane investitore.\u00a0 Sa velikim iskustvom u bankarskom sektoru Srbije, SFS pru\u017ea najbolje prilago\u0111ena re\u0161enja za specifi\u010dne transakcije, finansiranje postoje\u0107ih preduze\u0107a i projektna finansiranja.\u00a0 Stru\u010dnost u oblasti finansija i ra\u010dunovodstva, ekspertiza u izradi finansijskih modela&hellip;","coauthors":[],"author_meta":{"author_link":"https:\/\/smartfinanceserbia.rs\/en\/author\/nebojsa\/","display_name":"nebojsa"},"relative_dates":{"created":"Posted 8 years ago","modified":"Updated 3 years ago"},"absolute_dates":{"created":"Posted on August 27, 2018","modified":"Updated on September 22, 2023"},"absolute_dates_time":{"created":"Posted on August 27, 2018 12:15","modified":"Updated on September 22, 2023 08:56"},"featured_img_caption":"","featured_img":false,"series_order":"","rttpg_featured_image_url":null,"rttpg_author":{"display_name":"nebojsa","author_link":"https:\/\/smartfinanceserbia.rs\/en\/author\/nebojsa\/"},"rttpg_comment":0,"rttpg_category":null,"rttpg_excerpt":"Par re\u010di O nama Smart Finance Srbija (SFS) pru\u017ea usluge finansijskog konsaltinga za pravna lica (preduzec\u0301a), kao i za doma\u0107e i strane investitore.\u00a0 Sa velikim iskustvom u bankarskom sektoru Srbije, SFS pru\u017ea najbolje prilago\u0111ena re\u0161enja za specifi\u010dne transakcije, finansiranje postoje\u0107ih preduze\u0107a i projektna finansiranja.\u00a0 Stru\u010dnost u oblasti finansija i ra\u010dunovodstva, ekspertiza u izradi finansijskih modela&hellip;","_links":{"self":[{"href":"https:\/\/smartfinanceserbia.rs\/en\/wp-json\/wp\/v2\/pages\/663","targetHints":{"allow":["GET"]}}],"collection":[{"href":"https:\/\/smartfinanceserbia.rs\/en\/wp-json\/wp\/v2\/pages"}],"about":[{"href":"https:\/\/smartfinanceserbia.rs\/en\/wp-json\/wp\/v2\/types\/page"}],"author":[{"embeddable":true,"href":"https:\/\/smartfinanceserbia.rs\/en\/wp-json\/wp\/v2\/users\/1"}],"replies":[{"embeddable":true,"href":"https:\/\/smartfinanceserbia.rs\/en\/wp-json\/wp\/v2\/comments?post=663"}],"version-history":[{"count":19,"href":"https:\/\/smartfinanceserbia.rs\/en\/wp-json\/wp\/v2\/pages\/663\/revisions"}],"predecessor-version":[{"id":985,"href":"https:\/\/smartfinanceserbia.rs\/en\/wp-json\/wp\/v2\/pages\/663\/revisions\/985"}],"wp:attachment":[{"href":"https:\/\/smartfinanceserbia.rs\/en\/wp-json\/wp\/v2\/media?parent=663"}],"curies":[{"name":"wp","href":"https:\/\/api.w.org\/{rel}","templated":true}]}}