{"id":882,"date":"2023-09-18T20:03:50","date_gmt":"2023-09-18T20:03:50","guid":{"rendered":"https:\/\/smartfinanceserbia.rs\/?page_id=882"},"modified":"2023-09-18T20:33:02","modified_gmt":"2023-09-18T20:33:02","slug":"blog-2","status":"publish","type":"page","link":"https:\/\/smartfinanceserbia.rs\/en\/blog-2\/","title":{"rendered":"Blog"},"content":{"rendered":"<div data-elementor-type=\"wp-page\" data-elementor-id=\"882\" class=\"elementor elementor-882\">\n\t\t\t\t\t\t<section class=\"elementor-section elementor-top-section elementor-element elementor-element-67ffe99 elementor-section-content-middle elementor-section-boxed elementor-section-height-default elementor-section-height-default wpr-particle-no wpr-jarallax-no wpr-parallax-no wpr-sticky-section-no wpr-equal-height-no\" data-id=\"67ffe99\" data-element_type=\"section\" data-e-type=\"section\" data-settings=\"{&quot;background_background&quot;:&quot;classic&quot;}\">\n\t\t\t\t\t\t\t<div class=\"elementor-background-overlay\"><\/div>\n\t\t\t\t\t\t\t<div class=\"elementor-container elementor-column-gap-no\">\n\t\t\t\t\t<div class=\"elementor-column elementor-col-100 elementor-top-column elementor-element elementor-element-6fc6668\" data-id=\"6fc6668\" data-element_type=\"column\" data-e-type=\"column\">\n\t\t\t<div class=\"elementor-widget-wrap\">\n\t\t\t\t\t\t\t<\/div>\n\t\t<\/div>\n\t\t\t\t\t<\/div>\n\t\t<\/section>\n\t\t\t\t<section class=\"elementor-section elementor-top-section elementor-element elementor-element-57cbc07 elementor-section-boxed elementor-section-height-default elementor-section-height-default wpr-particle-no wpr-jarallax-no wpr-parallax-no wpr-sticky-section-no wpr-equal-height-no\" data-id=\"57cbc07\" data-element_type=\"section\" data-e-type=\"section\">\n\t\t\t\t\t\t<div class=\"elementor-container elementor-column-gap-default\">\n\t\t\t\t\t<div class=\"elementor-column elementor-col-100 elementor-top-column elementor-element elementor-element-ffcb233\" data-id=\"ffcb233\" data-element_type=\"column\" data-e-type=\"column\">\n\t\t\t<div class=\"elementor-widget-wrap elementor-element-populated\">\n\t\t\t\t\t\t<div class=\"elementor-element elementor-element-a7facd4 section-title-style-style2 img_hover_animation_img_zoom_in meta-visibility-show title_position_default title_hover_border_default title-default meta_position_default readmore-btn-default-style grid-hover-overlay-type-always tpg-el-box-border-enable tpg-border-bottom-disable elementor-widget elementor-widget-tpg-grid-layout\" data-id=\"a7facd4\" data-element_type=\"widget\" data-e-type=\"widget\" data-widget_type=\"tpg-grid-layout.default\">\n\t\t\t\t<div class=\"elementor-widget-container\">\n\t\t\t\t\t\t\t<div class=\"rt-container-fluid rt-tpg-container tpg-el-main-wrapper clearfix grid-layout1-main\"\n\t\t\t id=\"rt-tpg-container-4155693144\"\n\t\t\t data-layout=\"grid-layout1\"\n\t\t\t data-grid-style=\"tpg-full-height\"\n\t\t\t data-sc-id=\"elementor\"\n\t\t\t data-el-settings=''\n\t\t\t data-el-query=''\n\t\t\t data-el-path=''\n\t\t>\n\t\t\t\t\t\t<div class='tpg-header-wrapper'>\n\t\t\t\t\n        <div class=\"tpg-widget-heading-wrapper rt-clear heading-style2\">\n            <span class=\"tpg-widget-heading-line line-left\"><\/span>\n\t\t\t<h2 class='tpg-widget-heading'>\n\t\t\t\n\t\t\t\t                    <span>\n\t\t\t\t\t\tBlog Posts\t\t\t\t\t<\/span>\n\t\t\t\t\t\n\t\t\t\t\t\t\t<\/h2>            <span class=\"tpg-widget-heading-line line-right\"><\/span>\n\n\t\t\t\n        <\/div>\n\n\t\t\n\t\t\t\t\t<\/div>\n\n\t\t\t<div data-title=\"Loading ...\" class=\"rt-row rt-content-loader grid-layout1 grid-behaviour tpg-full-height grid_layout_wrapper\">\n\t\t\t\t<div class=\"rt-col-md-6 rt-col-sm-6 rt-col-xs-12 img_zoom_in rt-grid-item post-993 post type-post status-publish format-standard has-post-thumbnail hentry category-uncategorized\"        data-id=\"993\">\n    <div class=\"rt-holder tpg-post-holder\">\n        <div class=\"rt-detail rt-el-content-wrapper\">\n\t\t\t                <div class=\"rt-img-holder tpg-el-image-wrap has-thumbnail\">\n\t\t\t\t\t<a data-id=\"993\" href=\"https:\/\/smartfinanceserbia.rs\/en\/3-osnovna-finansijska-izvestaja-koja-su-osnova-za-izradu-finansijske-analize\/\" class=\"tpg-post-link\" target=\"_self\">                        <img fetchpriority=\"high\" decoding=\"async\" src=\"https:\/\/smartfinanceserbia.rs\/wp-content\/uploads\/2023\/09\/Aktiva-pdf.jpg\"\n                             class=\"rt-img-responsive\"\n                             width=\"768\"\n                             height=\"432\"\n                             alt=\"3 osnovna finansijska izve\u0161taja koja su osnova za izradu Finansijske analize\">\n\t\t\t\t\t\t\n\t\t\t\t\t\t\t\n\t\t<\/a>\n\t\t        <div class=\"overlay grid-hover-content\"><\/div>\n\t\t                <\/div>\n\t\t\t\n\t\t\t<div class=\"entry-title-wrapper\"><h3 class=\"entry-title\"><a data-id=\"993\" href=\"https:\/\/smartfinanceserbia.rs\/en\/3-osnovna-finansijska-izvestaja-koja-su-osnova-za-izradu-finansijske-analize\/\" class=\"tpg-post-link\" target=\"_self\">3 osnovna finansijska izve\u0161taja koja su osnova za izradu Finansijske analize<\/a><\/h3><\/div>\n\t\t\t                <div class=\"post-meta-tags rt-el-post-meta\">\n\t\t\t\t\t            <span class='date'>\n\t\t\t\t<i class='far fa-calendar-alt'><\/i>\t\t\t\t                    <a href=\"https:\/\/smartfinanceserbia.rs\/en\/2023\/09\/22\/\">\n\t\t\t\t\tSeptember 22, 2023\t\t\t\t<\/a>\n\t\t\t\t\t\t\t<\/span>\n\t\t\t                <\/div>\n\t\t\t\n\n\t\t\t                <div class=\"tpg-excerpt tpg-el-excerpt\">\n\t\t\t\t\t                        <div class=\"tpg-excerpt-inner\">\n\t\t\t\t\t\t\t3 osnovna finansijska izve\u0161taja koja su osnova za izradu Finansijske analize su: SMART FINANCE SERBIA pru\u017ea usluge vertikalne i horizontalne analize Bilansa Uspeha na godi\u0161njem nivou. Bilans uspeha...                        <\/div>\n\t\t\t\t\t\t\t\t\t\t                <\/div>\n\t\t\t\n\t\t\t        <div class=\"post-footer\">\n            <div class=\"post-footer\">\n                <div class=\"read-more\">\n\t\t\t\t\t<a data-id=\"993\" href=\"https:\/\/smartfinanceserbia.rs\/en\/3-osnovna-finansijska-izvestaja-koja-su-osnova-za-izradu-finansijske-analize\/\" class=\"tpg-post-link\" target=\"_self\">Read More<\/a>                <\/div>\n            <\/div>\n        <\/div>\n\t\t        <\/div>\n    <\/div>\n<\/div>\n<div class=\"rt-col-md-6 rt-col-sm-6 rt-col-xs-12 img_zoom_in rt-grid-item post-877 post type-post status-publish format-standard has-post-thumbnail hentry category-uncategorized\"        data-id=\"877\">\n    <div class=\"rt-holder tpg-post-holder\">\n        <div class=\"rt-detail rt-el-content-wrapper\">\n\t\t\t                <div class=\"rt-img-holder tpg-el-image-wrap has-thumbnail\">\n\t\t\t\t\t<a data-id=\"877\" href=\"https:\/\/smartfinanceserbia.rs\/en\/izrada-biznis-plana-uvod\/\" class=\"tpg-post-link\" target=\"_self\">                        <img decoding=\"async\" src=\"https:\/\/smartfinanceserbia.rs\/wp-content\/uploads\/2023\/09\/analytics-3265840_1280-768x314.jpg\"\n                             class=\"rt-img-responsive\"\n                             width=\"768\"\n                             height=\"314\"\n                             alt=\"Finansijske projekcije\">\n\t\t\t\t\t\t\n\t\t\t\t\t\t\t\n\t\t<\/a>\n\t\t        <div class=\"overlay grid-hover-content\"><\/div>\n\t\t                <\/div>\n\t\t\t\n\t\t\t<div class=\"entry-title-wrapper\"><h3 class=\"entry-title\"><a data-id=\"877\" href=\"https:\/\/smartfinanceserbia.rs\/en\/izrada-biznis-plana-uvod\/\" class=\"tpg-post-link\" target=\"_self\">Finansijske projekcije<\/a><\/h3><\/div>\n\t\t\t                <div class=\"post-meta-tags rt-el-post-meta\">\n\t\t\t\t\t            <span class='date'>\n\t\t\t\t<i class='far fa-calendar-alt'><\/i>\t\t\t\t                    <a href=\"https:\/\/smartfinanceserbia.rs\/en\/2023\/09\/18\/\">\n\t\t\t\t\tSeptember 18, 2023\t\t\t\t<\/a>\n\t\t\t\t\t\t\t<\/span>\n\t\t\t                <\/div>\n\t\t\t\n\n\t\t\t                <div class=\"tpg-excerpt tpg-el-excerpt\">\n\t\t\t\t\t                        <div class=\"tpg-excerpt-inner\">\n\t\t\t\t\t\t\t(Projekcije Bilansa Uspeha, Bilansa Stanja i Nov\u010danih tokova) Preduzetnik ima biznis ideju sa odre\u0111enim finansijskim performansama. Na\u0161e ume\u0107e se ogleda u tome da te okolnosti umemo da prenesemo u...                        <\/div>\n\t\t\t\t\t\t\t\t\t\t                <\/div>\n\t\t\t\n\t\t\t        <div class=\"post-footer\">\n            <div class=\"post-footer\">\n                <div class=\"read-more\">\n\t\t\t\t\t<a data-id=\"877\" href=\"https:\/\/smartfinanceserbia.rs\/en\/izrada-biznis-plana-uvod\/\" class=\"tpg-post-link\" target=\"_self\">Read More<\/a>                <\/div>\n            <\/div>\n        <\/div>\n\t\t        <\/div>\n    <\/div>\n<\/div>\n\t\t\t<\/div>\n\t\t\t\n\t\t<\/div>\n\t\t\t\t\t\t<\/div>\n\t\t\t\t<\/div>\n\t\t\t\t\t<\/div>\n\t\t<\/div>\n\t\t\t\t\t<\/div>\n\t\t<\/section>\n\t\t\t\t<\/div>","protected":false},"excerpt":{"rendered":"<p>Blog Postovi Izrada biznis plana \u2013 Uvod September 18, 2023 U slede\u0107im paragrafima je opisano na koji na\u010din treba da bude sastavljen pregled Va\u0161eg biznis plana. Da bi on bio ocenjen na ispravan na\u010din molimo Vas da pri njegovom pisanju koristite slede\u0107u formu:&#8230; Read More Hello world! September 5, 2023 Welcome to WordPress. This is your first post. Edit or delete it, then start writing!&#8230; Read More Welcome to Kenta Theme April 26, 2023 Congrats! You made an awesome choice. We are glad you chose Kenta theme, if you are using our theme for the first time, You may be unfamiliar with it, but don\u2019t worry, just take 10 minutes, read&#8230; Read More Welcome to Kenta Theme January 20, 2023 Congrats! You made an awesome choice. We are glad you chose Kenta theme, if you are using our theme for the first time, You may be unfamiliar with it, but don&#8217;t worry, just take 10 minutes, read&#8230; Read More<\/p>","protected":false},"author":1,"featured_media":0,"parent":0,"menu_order":0,"comment_status":"closed","ping_status":"closed","template":"","meta":{"_uag_custom_page_level_css":"","advgb_blocks_editor_width":"","advgb_blocks_columns_visual_guide":"","site-sidebar-layout":"no-sidebar","site-content-layout":"page-builder","ast-site-content-layout":"full-width-container","site-content-style":"default","site-sidebar-style":"default","ast-global-header-display":"","ast-banner-title-visibility":"","ast-main-header-display":"","ast-hfb-above-header-display":"","ast-hfb-below-header-display":"","ast-hfb-mobile-header-display":"","site-post-title":"disabled","ast-breadcrumbs-content":"","ast-featured-img":"disabled","footer-sml-layout":"","ast-disable-related-posts":"","theme-transparent-header-meta":"","adv-header-id-meta":"","stick-header-meta":"","header-above-stick-meta":"","header-main-stick-meta":"","header-below-stick-meta":"","astra-migrate-meta-layouts":"set","ast-page-background-enabled":"default","ast-page-background-meta":{"desktop":{"background-color":"","background-image":"","background-repeat":"repeat","background-position":"center center","background-size":"auto","background-attachment":"scroll","background-type":"","background-media":"","overlay-type":"","overlay-color":"","overlay-opacity":"","overlay-gradient":""},"tablet":{"background-color":"","background-image":"","background-repeat":"repeat","background-position":"center center","background-size":"auto","background-attachment":"scroll","background-type":"","background-media":"","overlay-type":"","overlay-color":"","overlay-opacity":"","overlay-gradient":""},"mobile":{"background-color":"","background-image":"","background-repeat":"repeat","background-position":"center center","background-size":"auto","background-attachment":"scroll","background-type":"","background-media":"","overlay-type":"","overlay-color":"","overlay-opacity":"","overlay-gradient":""}},"ast-content-background-meta":{"desktop":{"background-color":"var(--ast-global-color-5)","background-image":"","background-repeat":"repeat","background-position":"center center","background-size":"auto","background-attachment":"scroll","background-type":"","background-media":"","overlay-type":"","overlay-color":"","overlay-opacity":"","overlay-gradient":""},"tablet":{"background-color":"var(--ast-global-color-5)","background-image":"","background-repeat":"repeat","background-position":"center center","background-size":"auto","background-attachment":"scroll","background-type":"","background-media":"","overlay-type":"","overlay-color":"","overlay-opacity":"","overlay-gradient":""},"mobile":{"background-color":"var(--ast-global-color-5)","background-image":"","background-repeat":"repeat","background-position":"center center","background-size":"auto","background-attachment":"scroll","background-type":"","background-media":"","overlay-type":"","overlay-color":"","overlay-opacity":"","overlay-gradient":""}},"footnotes":""},"class_list":["post-882","page","type-page","status-publish","hentry"],"uagb_featured_image_src":{"full":false,"thumbnail":false,"medium":false,"medium_large":false,"large":false,"1536x1536":false,"2048x2048":false,"trp-custom-language-flag":false},"uagb_author_info":{"display_name":"nebojsa","author_link":"https:\/\/smartfinanceserbia.rs\/en\/author\/nebojsa\/"},"uagb_comment_info":0,"uagb_excerpt":"Blog Postovi Izrada biznis plana \u2013 Uvod September 18, 2023 U slede\u0107im paragrafima je opisano na koji na\u010din treba da bude sastavljen pregled Va\u0161eg biznis plana. Da bi on bio ocenjen na ispravan na\u010din molimo Vas da pri njegovom pisanju koristite slede\u0107u formu:&#8230; Read More Hello world! September 5, 2023 Welcome to WordPress. This is&hellip;","coauthors":[],"author_meta":{"author_link":"https:\/\/smartfinanceserbia.rs\/en\/author\/nebojsa\/","display_name":"nebojsa"},"relative_dates":{"created":"Posted 3 years ago","modified":"Updated 3 years ago"},"absolute_dates":{"created":"Posted on September 18, 2023","modified":"Updated on September 18, 2023"},"absolute_dates_time":{"created":"Posted on September 18, 2023 20:03","modified":"Updated on September 18, 2023 20:33"},"featured_img_caption":"","featured_img":false,"series_order":"","rttpg_featured_image_url":null,"rttpg_author":{"display_name":"nebojsa","author_link":"https:\/\/smartfinanceserbia.rs\/en\/author\/nebojsa\/"},"rttpg_comment":0,"rttpg_category":"","rttpg_excerpt":"Blog Postovi Izrada biznis plana \u2013 Uvod September 18, 2023 U slede\u0107im paragrafima je opisano na koji na\u010din treba da bude sastavljen pregled Va\u0161eg biznis plana. Da bi on bio ocenjen na ispravan na\u010din molimo Vas da pri njegovom pisanju koristite slede\u0107u formu:&#8230; Read More Hello world! September 5, 2023 Welcome to WordPress. This is&hellip;","_links":{"self":[{"href":"https:\/\/smartfinanceserbia.rs\/en\/wp-json\/wp\/v2\/pages\/882","targetHints":{"allow":["GET"]}}],"collection":[{"href":"https:\/\/smartfinanceserbia.rs\/en\/wp-json\/wp\/v2\/pages"}],"about":[{"href":"https:\/\/smartfinanceserbia.rs\/en\/wp-json\/wp\/v2\/types\/page"}],"author":[{"embeddable":true,"href":"https:\/\/smartfinanceserbia.rs\/en\/wp-json\/wp\/v2\/users\/1"}],"replies":[{"embeddable":true,"href":"https:\/\/smartfinanceserbia.rs\/en\/wp-json\/wp\/v2\/comments?post=882"}],"version-history":[{"count":20,"href":"https:\/\/smartfinanceserbia.rs\/en\/wp-json\/wp\/v2\/pages\/882\/revisions"}],"predecessor-version":[{"id":912,"href":"https:\/\/smartfinanceserbia.rs\/en\/wp-json\/wp\/v2\/pages\/882\/revisions\/912"}],"wp:attachment":[{"href":"https:\/\/smartfinanceserbia.rs\/en\/wp-json\/wp\/v2\/media?parent=882"}],"curies":[{"name":"wp","href":"https:\/\/api.w.org\/{rel}","templated":true}]}}